{"id":5,"date":"2016-03-08T19:10:31","date_gmt":"2016-03-08T19:10:31","guid":{"rendered":"http:\/\/xn--ak-stdtepartnerschaft-91b.de\/?page_id=5"},"modified":"2016-04-07T17:26:01","modified_gmt":"2016-04-07T17:26:01","slug":"fahrt-nach-hainburg","status":"publish","type":"page","link":"https:\/\/xn--ak-stdtepartnerschaft-91b.de\/?page_id=5","title":{"rendered":"\ufeffWissenswertes"},"content":{"rendered":"<p><img loading=\"lazy\" decoding=\"async\" class=\"alignnone size-full wp-image-71 aligncenter\" src=\"http:\/\/xn--ak-stdtepartnerschaft-91b.de\/wp-content\/uploads\/2016\/03\/Bilder-Homepage.jpg\" alt=\"Bilder Homepage\" width=\"280\" height=\"100\" \/><\/p>\n<p><strong>Wissenswertes \u00fcber Hainburg an der Donau<\/strong><\/p>\n<p>Mittelalterstadt Hainburg a.d.Donau<\/p>\n<p>Eingebettet in eine m\u00e4rchenhafte Landschaft liegt Hainburg a.d.Donauumgeben von zwei Weltst\u00e4dten -Wien und Bratislava. Hainburg, ein Tor in die Vergangenheit mit malerischen engen G\u00e4sschen und zahlreichen Bauwerken, repr\u00e4sentiert Architekturstile aus mehreren Epochen. Stark befestigte Stadttore und T\u00fcrme sind und waren durch alle Jahrhunderte ein Symbol f\u00fcr Schutz und Sicherheit.<\/p>\n<p>&nbsp;<\/p>\n<p>Als Gr\u00fcndungsjahr f\u00fcr Hainburg gilt das Jahr 1050, als Kaiser Heinrich III. den Auftrag erteilte, die Burg auf dem Schlossberg zu bauen. Die Stadt erlebte viele H\u00f6hen und Tiefen. Den Babenbergern, die der Stadt rege Baut\u00e4tigkeiten bescherte, folgten die Habsburger. Mit ihnen ging Hainburg in Jahrhunderte der Pf\u00e4ndung und Kriege. Ungarn und T\u00fcrken suchten die Stadt mehrmals heim. Auch zwei Weltkriege hinterlie\u00dfen ihre Spuren. Heute ist Hainburg eine internationale Grenzstadt, so wie eh und je zwischen West- und Osteuropa.<\/p>\n<p>&nbsp;<\/p>\n<p>Am 27.10.1996 wurde am Schlossberg der Vertrag f\u00fcr den Nationalpark Donau-Auen unterzeichnet, der die Ein- und Letztmaligkeit dieses Landschaftstyps in Mitteleuropa besch\u00fctzen soll. Selbst in \u00d6sterreich ist der Wasserwald mit den reich strukturierten Flie\u00dfstrecken zwischen Wien und Hainburg der letzte seiner Art.<\/p>\n<p>Dieser Link f\u00fchrt Sie zum Filmbeitrag<\/p>\n<p>Mittelalterfilm:\u00a0\u00a0\u00a0\u00a0\u00a0\u00a0\u00a0\u00a0\u00a0\u00a0\u00a0\u00a0\u00a0\u00a0 <a href=\"https:\/\/player.vimeo.com\/video\/45307045\">https:\/\/player.vimeo.com\/video\/45307045<\/a><\/p>\n<p><a href=\"http:\/\/www.hainburg.at\"><strong>Link zur Stadtverwaltung nach Hainburg an der Donau<\/strong><\/a><\/p>\n","protected":false},"excerpt":{"rendered":"<p>Wissenswertes \u00fcber Hainburg an der Donau Mittelalterstadt Hainburg a.d.Donau Eingebettet in eine m\u00e4rchenhafte Landschaft liegt Hainburg a.d.Donauumgeben von zwei Weltst\u00e4dten -Wien und Bratislava. Hainburg, ein Tor in die Vergangenheit mit malerischen engen G\u00e4sschen und zahlreichen Bauwerken, repr\u00e4sentiert Architekturstile aus mehreren Epochen. Stark befestigte Stadttore und T\u00fcrme sind und waren durch alle Jahrhunderte ein Symbol f\u00fcr [&hellip;]<\/p>\n","protected":false},"author":1,"featured_media":0,"parent":0,"menu_order":0,"comment_status":"closed","ping_status":"closed","template":"","meta":{"footnotes":""},"class_list":["post-5","page","type-page","status-publish","czr-hentry"],"_links":{"self":[{"href":"https:\/\/xn--ak-stdtepartnerschaft-91b.de\/index.php?rest_route=\/wp\/v2\/pages\/5"}],"collection":[{"href":"https:\/\/xn--ak-stdtepartnerschaft-91b.de\/index.php?rest_route=\/wp\/v2\/pages"}],"about":[{"href":"https:\/\/xn--ak-stdtepartnerschaft-91b.de\/index.php?rest_route=\/wp\/v2\/types\/page"}],"author":[{"embeddable":true,"href":"https:\/\/xn--ak-stdtepartnerschaft-91b.de\/index.php?rest_route=\/wp\/v2\/users\/1"}],"replies":[{"embeddable":true,"href":"https:\/\/xn--ak-stdtepartnerschaft-91b.de\/index.php?rest_route=%2Fwp%2Fv2%2Fcomments&post=5"}],"version-history":[{"count":11,"href":"https:\/\/xn--ak-stdtepartnerschaft-91b.de\/index.php?rest_route=\/wp\/v2\/pages\/5\/revisions"}],"predecessor-version":[{"id":193,"href":"https:\/\/xn--ak-stdtepartnerschaft-91b.de\/index.php?rest_route=\/wp\/v2\/pages\/5\/revisions\/193"}],"wp:attachment":[{"href":"https:\/\/xn--ak-stdtepartnerschaft-91b.de\/index.php?rest_route=%2Fwp%2Fv2%2Fmedia&parent=5"}],"curies":[{"name":"wp","href":"https:\/\/api.w.org\/{rel}","templated":true}]}}