{"id":35,"date":"2016-03-11T21:14:07","date_gmt":"2016-03-11T21:14:07","guid":{"rendered":"http:\/\/xn--ak-stdtepartnerschaft-91b.de\/?page_id=35"},"modified":"2024-03-18T12:34:41","modified_gmt":"2024-03-18T12:34:41","slug":"presseberichte-zur-entstehung-der-partnerschaft","status":"publish","type":"page","link":"https:\/\/xn--ak-stdtepartnerschaft-91b.de\/?page_id=35","title":{"rendered":"Presseberichte zur Entstehung der Partnerschaft"},"content":{"rendered":"\n<p>Wir haben f\u00fcr Sie einige historische Berichterstattungen der Presse zum Beginn der partnerschaftlichen Verbindungen unserer St\u00e4dte herausgesucht. Interessant ist auch ein Protokoll eines Besuches zum kennen lernen.&nbsp;Viel Spass bei der Lekt\u00fcre.<\/p>\n\n\n\n<figure class=\"wp-block-image\"><img loading=\"lazy\" decoding=\"async\" width=\"605\" height=\"726\" src=\"http:\/\/xn--ak-stdtepartnerschaft-91b.de\/wp-content\/uploads\/2016\/03\/19731002_Zeitungsausschnitt-Offenbach-Post_Dieburter-Anzeiger.jpg\" alt=\"19731002_Zeitungsausschnitt Offenbach-Post_Dieburter Anzeiger\" class=\"wp-image-169\" srcset=\"https:\/\/xn--ak-stdtepartnerschaft-91b.de\/wp-content\/uploads\/2016\/03\/19731002_Zeitungsausschnitt-Offenbach-Post_Dieburter-Anzeiger.jpg 605w, https:\/\/xn--ak-stdtepartnerschaft-91b.de\/wp-content\/uploads\/2016\/03\/19731002_Zeitungsausschnitt-Offenbach-Post_Dieburter-Anzeiger-250x300.jpg 250w\" sizes=\"(max-width: 605px) 100vw, 605px\" \/><\/figure>\n\n\n\n<figure class=\"wp-block-image\"><img loading=\"lazy\" decoding=\"async\" width=\"500\" height=\"666\" src=\"http:\/\/xn--ak-stdtepartnerschaft-91b.de\/wp-content\/uploads\/2016\/03\/19731200_Zeitungsausschnitt-Offenbach-Post.jpg\" alt=\"19731200_Zeitungsausschnitt Offenbach-Post\" class=\"wp-image-164\" srcset=\"https:\/\/xn--ak-stdtepartnerschaft-91b.de\/wp-content\/uploads\/2016\/03\/19731200_Zeitungsausschnitt-Offenbach-Post.jpg 500w, https:\/\/xn--ak-stdtepartnerschaft-91b.de\/wp-content\/uploads\/2016\/03\/19731200_Zeitungsausschnitt-Offenbach-Post-225x300.jpg 225w\" sizes=\"(max-width: 500px) 100vw, 500px\" \/><\/figure>\n\n\n\n<figure class=\"wp-block-image\"><img loading=\"lazy\" decoding=\"async\" width=\"492\" height=\"667\" src=\"http:\/\/xn--ak-stdtepartnerschaft-91b.de\/wp-content\/uploads\/2016\/03\/19731011_Zeitungsausschnitt-Rodgau-Post.jpg\" alt=\"19731011_Zeitungsausschnitt Rodgau-Post\" class=\"wp-image-168\" srcset=\"https:\/\/xn--ak-stdtepartnerschaft-91b.de\/wp-content\/uploads\/2016\/03\/19731011_Zeitungsausschnitt-Rodgau-Post.jpg 492w, https:\/\/xn--ak-stdtepartnerschaft-91b.de\/wp-content\/uploads\/2016\/03\/19731011_Zeitungsausschnitt-Rodgau-Post-221x300.jpg 221w\" sizes=\"(max-width: 492px) 100vw, 492px\" \/><\/figure>\n\n\n\n<figure class=\"wp-block-image\"><img loading=\"lazy\" decoding=\"async\" width=\"633\" height=\"1024\" src=\"http:\/\/xn--ak-stdtepartnerschaft-91b.de\/wp-content\/uploads\/2016\/03\/19750605_Zeitungsausschnitt-Rodgau-Post-633x1024.jpg\" alt=\"19750605_Zeitungsausschnitt Rodgau-Post\" class=\"wp-image-160\" srcset=\"https:\/\/xn--ak-stdtepartnerschaft-91b.de\/wp-content\/uploads\/2016\/03\/19750605_Zeitungsausschnitt-Rodgau-Post-633x1024.jpg 633w, https:\/\/xn--ak-stdtepartnerschaft-91b.de\/wp-content\/uploads\/2016\/03\/19750605_Zeitungsausschnitt-Rodgau-Post-185x300.jpg 185w, https:\/\/xn--ak-stdtepartnerschaft-91b.de\/wp-content\/uploads\/2016\/03\/19750605_Zeitungsausschnitt-Rodgau-Post-768x1243.jpg 768w, https:\/\/xn--ak-stdtepartnerschaft-91b.de\/wp-content\/uploads\/2016\/03\/19750605_Zeitungsausschnitt-Rodgau-Post.jpg 1181w\" sizes=\"(max-width: 633px) 100vw, 633px\" \/><\/figure>\n\n\n\n<figure class=\"wp-block-image\"><img loading=\"lazy\" decoding=\"async\" width=\"899\" height=\"1024\" src=\"http:\/\/xn--ak-stdtepartnerschaft-91b.de\/wp-content\/uploads\/2016\/03\/19750403_Zeitungsausschnitt-B\u00fcrgerblatt-899x1024.jpg\" alt=\"19750403_Zeitungsausschnitt B\u00fcrgerblatt\" class=\"wp-image-162\" srcset=\"https:\/\/xn--ak-stdtepartnerschaft-91b.de\/wp-content\/uploads\/2016\/03\/19750403_Zeitungsausschnitt-B\u00fcrgerblatt-899x1024.jpg 899w, https:\/\/xn--ak-stdtepartnerschaft-91b.de\/wp-content\/uploads\/2016\/03\/19750403_Zeitungsausschnitt-B\u00fcrgerblatt-263x300.jpg 263w, https:\/\/xn--ak-stdtepartnerschaft-91b.de\/wp-content\/uploads\/2016\/03\/19750403_Zeitungsausschnitt-B\u00fcrgerblatt-768x875.jpg 768w, https:\/\/xn--ak-stdtepartnerschaft-91b.de\/wp-content\/uploads\/2016\/03\/19750403_Zeitungsausschnitt-B\u00fcrgerblatt.jpg 1579w\" sizes=\"(max-width: 899px) 100vw, 899px\" \/><\/figure>\n\n\n\n<figure class=\"wp-block-image\"><img loading=\"lazy\" decoding=\"async\" width=\"699\" height=\"1024\" src=\"http:\/\/xn--ak-stdtepartnerschaft-91b.de\/wp-content\/uploads\/2016\/03\/19751127_Zeitungsausschnitt-Rodgau-Post-699x1024.jpg\" alt=\"19751127_Zeitungsausschnitt Rodgau-Post\" class=\"wp-image-161\" srcset=\"https:\/\/xn--ak-stdtepartnerschaft-91b.de\/wp-content\/uploads\/2016\/03\/19751127_Zeitungsausschnitt-Rodgau-Post-699x1024.jpg 699w, https:\/\/xn--ak-stdtepartnerschaft-91b.de\/wp-content\/uploads\/2016\/03\/19751127_Zeitungsausschnitt-Rodgau-Post-205x300.jpg 205w, https:\/\/xn--ak-stdtepartnerschaft-91b.de\/wp-content\/uploads\/2016\/03\/19751127_Zeitungsausschnitt-Rodgau-Post-768x1125.jpg 768w, https:\/\/xn--ak-stdtepartnerschaft-91b.de\/wp-content\/uploads\/2016\/03\/19751127_Zeitungsausschnitt-Rodgau-Post.jpg 1472w\" sizes=\"(max-width: 699px) 100vw, 699px\" \/><\/figure>\n\n\n\n<figure class=\"wp-block-image size-large\"><img loading=\"lazy\" decoding=\"async\" width=\"690\" height=\"1024\" src=\"http:\/\/xn--ak-stdtepartnerschaft-91b.de\/wp-content\/uploads\/2024\/03\/Protokoll_1973__Seite_1-690x1024.jpg\" alt=\"\" class=\"wp-image-462\" srcset=\"https:\/\/xn--ak-stdtepartnerschaft-91b.de\/wp-content\/uploads\/2024\/03\/Protokoll_1973__Seite_1-690x1024.jpg 690w, https:\/\/xn--ak-stdtepartnerschaft-91b.de\/wp-content\/uploads\/2024\/03\/Protokoll_1973__Seite_1-202x300.jpg 202w, https:\/\/xn--ak-stdtepartnerschaft-91b.de\/wp-content\/uploads\/2024\/03\/Protokoll_1973__Seite_1-768x1140.jpg 768w, https:\/\/xn--ak-stdtepartnerschaft-91b.de\/wp-content\/uploads\/2024\/03\/Protokoll_1973__Seite_1-1035x1536.jpg 1035w, https:\/\/xn--ak-stdtepartnerschaft-91b.de\/wp-content\/uploads\/2024\/03\/Protokoll_1973__Seite_1-1380x2048.jpg 1380w, https:\/\/xn--ak-stdtepartnerschaft-91b.de\/wp-content\/uploads\/2024\/03\/Protokoll_1973__Seite_1-scaled.jpg 1725w\" sizes=\"(max-width: 690px) 100vw, 690px\" \/><\/figure>\n\n\n\n<figure class=\"wp-block-image size-large is-resized\"><img loading=\"lazy\" decoding=\"async\" width=\"723\" height=\"1024\" src=\"http:\/\/xn--ak-stdtepartnerschaft-91b.de\/wp-content\/uploads\/2024\/03\/Protokoll_1973__Seite_2-723x1024.jpg\" alt=\"\" class=\"wp-image-463\" style=\"width:723px;height:auto\" srcset=\"https:\/\/xn--ak-stdtepartnerschaft-91b.de\/wp-content\/uploads\/2024\/03\/Protokoll_1973__Seite_2-723x1024.jpg 723w, https:\/\/xn--ak-stdtepartnerschaft-91b.de\/wp-content\/uploads\/2024\/03\/Protokoll_1973__Seite_2-212x300.jpg 212w, https:\/\/xn--ak-stdtepartnerschaft-91b.de\/wp-content\/uploads\/2024\/03\/Protokoll_1973__Seite_2-768x1088.jpg 768w, https:\/\/xn--ak-stdtepartnerschaft-91b.de\/wp-content\/uploads\/2024\/03\/Protokoll_1973__Seite_2-1085x1536.jpg 1085w, https:\/\/xn--ak-stdtepartnerschaft-91b.de\/wp-content\/uploads\/2024\/03\/Protokoll_1973__Seite_2-1446x2048.jpg 1446w, https:\/\/xn--ak-stdtepartnerschaft-91b.de\/wp-content\/uploads\/2024\/03\/Protokoll_1973__Seite_2-scaled.jpg 1808w\" sizes=\"(max-width: 723px) 100vw, 723px\" \/><\/figure>\n\n\n\n<figure class=\"wp-block-image size-large is-resized\"><img loading=\"lazy\" decoding=\"async\" width=\"685\" height=\"1024\" src=\"http:\/\/xn--ak-stdtepartnerschaft-91b.de\/wp-content\/uploads\/2024\/03\/Protokoll_1973__Seite_3-685x1024.jpg\" alt=\"\" class=\"wp-image-464\" style=\"width:684px;height:auto\" srcset=\"https:\/\/xn--ak-stdtepartnerschaft-91b.de\/wp-content\/uploads\/2024\/03\/Protokoll_1973__Seite_3-685x1024.jpg 685w, https:\/\/xn--ak-stdtepartnerschaft-91b.de\/wp-content\/uploads\/2024\/03\/Protokoll_1973__Seite_3-201x300.jpg 201w, https:\/\/xn--ak-stdtepartnerschaft-91b.de\/wp-content\/uploads\/2024\/03\/Protokoll_1973__Seite_3-768x1148.jpg 768w, https:\/\/xn--ak-stdtepartnerschaft-91b.de\/wp-content\/uploads\/2024\/03\/Protokoll_1973__Seite_3-1027x1536.jpg 1027w, https:\/\/xn--ak-stdtepartnerschaft-91b.de\/wp-content\/uploads\/2024\/03\/Protokoll_1973__Seite_3-1370x2048.jpg 1370w, https:\/\/xn--ak-stdtepartnerschaft-91b.de\/wp-content\/uploads\/2024\/03\/Protokoll_1973__Seite_3-scaled.jpg 1712w\" sizes=\"(max-width: 685px) 100vw, 685px\" \/><\/figure>\n\n\n\n<figure class=\"wp-block-image size-large\"><img loading=\"lazy\" decoding=\"async\" width=\"703\" height=\"1024\" src=\"http:\/\/xn--ak-stdtepartnerschaft-91b.de\/wp-content\/uploads\/2024\/03\/Protokoll_1973__Seite_4-703x1024.jpg\" alt=\"\" class=\"wp-image-465\" srcset=\"https:\/\/xn--ak-stdtepartnerschaft-91b.de\/wp-content\/uploads\/2024\/03\/Protokoll_1973__Seite_4-703x1024.jpg 703w, https:\/\/xn--ak-stdtepartnerschaft-91b.de\/wp-content\/uploads\/2024\/03\/Protokoll_1973__Seite_4-206x300.jpg 206w, https:\/\/xn--ak-stdtepartnerschaft-91b.de\/wp-content\/uploads\/2024\/03\/Protokoll_1973__Seite_4-768x1119.jpg 768w, https:\/\/xn--ak-stdtepartnerschaft-91b.de\/wp-content\/uploads\/2024\/03\/Protokoll_1973__Seite_4-1054x1536.jpg 1054w, https:\/\/xn--ak-stdtepartnerschaft-91b.de\/wp-content\/uploads\/2024\/03\/Protokoll_1973__Seite_4-1405x2048.jpg 1405w, https:\/\/xn--ak-stdtepartnerschaft-91b.de\/wp-content\/uploads\/2024\/03\/Protokoll_1973__Seite_4-scaled.jpg 1757w\" sizes=\"(max-width: 703px) 100vw, 703px\" \/><\/figure>\n\n\n\n<figure class=\"wp-block-image\"><img loading=\"lazy\" decoding=\"async\" width=\"727\" height=\"1024\" src=\"http:\/\/xn--ak-stdtepartnerschaft-91b.de\/wp-content\/uploads\/2016\/03\/Urkunde_Baumsetzung-Partnerschaftswald-727x1024.jpg\" alt=\"Urkunde_Baumsetzung Partnerschaftswald\" class=\"wp-image-170\" srcset=\"https:\/\/xn--ak-stdtepartnerschaft-91b.de\/wp-content\/uploads\/2016\/03\/Urkunde_Baumsetzung-Partnerschaftswald-727x1024.jpg 727w, https:\/\/xn--ak-stdtepartnerschaft-91b.de\/wp-content\/uploads\/2016\/03\/Urkunde_Baumsetzung-Partnerschaftswald-213x300.jpg 213w, https:\/\/xn--ak-stdtepartnerschaft-91b.de\/wp-content\/uploads\/2016\/03\/Urkunde_Baumsetzung-Partnerschaftswald-768x1082.jpg 768w, https:\/\/xn--ak-stdtepartnerschaft-91b.de\/wp-content\/uploads\/2016\/03\/Urkunde_Baumsetzung-Partnerschaftswald.jpg 1568w\" sizes=\"(max-width: 727px) 100vw, 727px\" \/><\/figure>\n\n\n\n<figure class=\"wp-block-image\"><img loading=\"lazy\" decoding=\"async\" width=\"691\" height=\"1024\" src=\"http:\/\/xn--ak-stdtepartnerschaft-91b.de\/wp-content\/uploads\/2016\/03\/19740527_Zeitungsausschnitt-Offenbach-Post-691x1024.jpg\" alt=\"19740527_Zeitungsausschnitt Offenbach-Post\" class=\"wp-image-147\" srcset=\"https:\/\/xn--ak-stdtepartnerschaft-91b.de\/wp-content\/uploads\/2016\/03\/19740527_Zeitungsausschnitt-Offenbach-Post-691x1024.jpg 691w, https:\/\/xn--ak-stdtepartnerschaft-91b.de\/wp-content\/uploads\/2016\/03\/19740527_Zeitungsausschnitt-Offenbach-Post-202x300.jpg 202w, https:\/\/xn--ak-stdtepartnerschaft-91b.de\/wp-content\/uploads\/2016\/03\/19740527_Zeitungsausschnitt-Offenbach-Post-768x1139.jpg 768w, https:\/\/xn--ak-stdtepartnerschaft-91b.de\/wp-content\/uploads\/2016\/03\/19740527_Zeitungsausschnitt-Offenbach-Post.jpg 1208w\" sizes=\"(max-width: 691px) 100vw, 691px\" \/><\/figure>\n","protected":false},"excerpt":{"rendered":"<p>Wir haben f\u00fcr Sie einige historische Berichterstattungen der Presse zum Beginn der partnerschaftlichen Verbindungen unserer St\u00e4dte herausgesucht. Interessant ist auch ein Protokoll eines Besuches zum kennen lernen.&nbsp;Viel Spass bei der Lekt\u00fcre.<\/p>\n","protected":false},"author":1,"featured_media":0,"parent":0,"menu_order":1,"comment_status":"closed","ping_status":"closed","template":"","meta":{"footnotes":""},"class_list":["post-35","page","type-page","status-publish","czr-hentry"],"_links":{"self":[{"href":"https:\/\/xn--ak-stdtepartnerschaft-91b.de\/index.php?rest_route=\/wp\/v2\/pages\/35"}],"collection":[{"href":"https:\/\/xn--ak-stdtepartnerschaft-91b.de\/index.php?rest_route=\/wp\/v2\/pages"}],"about":[{"href":"https:\/\/xn--ak-stdtepartnerschaft-91b.de\/index.php?rest_route=\/wp\/v2\/types\/page"}],"author":[{"embeddable":true,"href":"https:\/\/xn--ak-stdtepartnerschaft-91b.de\/index.php?rest_route=\/wp\/v2\/users\/1"}],"replies":[{"embeddable":true,"href":"https:\/\/xn--ak-stdtepartnerschaft-91b.de\/index.php?rest_route=%2Fwp%2Fv2%2Fcomments&post=35"}],"version-history":[{"count":8,"href":"https:\/\/xn--ak-stdtepartnerschaft-91b.de\/index.php?rest_route=\/wp\/v2\/pages\/35\/revisions"}],"predecessor-version":[{"id":466,"href":"https:\/\/xn--ak-stdtepartnerschaft-91b.de\/index.php?rest_route=\/wp\/v2\/pages\/35\/revisions\/466"}],"wp:attachment":[{"href":"https:\/\/xn--ak-stdtepartnerschaft-91b.de\/index.php?rest_route=%2Fwp%2Fv2%2Fmedia&parent=35"}],"curies":[{"name":"wp","href":"https:\/\/api.w.org\/{rel}","templated":true}]}}