{"id":14,"date":"2016-03-11T12:41:58","date_gmt":"2016-03-11T12:41:58","guid":{"rendered":"http:\/\/xn--ak-stdtepartnerschaft-91b.de\/?page_id=14"},"modified":"2016-03-31T16:49:37","modified_gmt":"2016-03-31T16:49:37","slug":"entstehung-der-partnerschaft","status":"publish","type":"page","link":"https:\/\/xn--ak-stdtepartnerschaft-91b.de\/?page_id=14","title":{"rendered":"Entstehung der Partnerschaft"},"content":{"rendered":"<p>Die Gemeindevertretung von Nieder-Roden beschloss in ihrer Sitzung vom 06. M\u00e4rz 1974 mit Puiseaux in Frankreich und Hainburg an der Donau in \u00d6sterreich eine St\u00e4dtepartnerschaft einzugehen. Der Beschluss sprach die Hoffnung aus, dass die Gemeinde Nieder-Roden durch ihre gefasste Entscheidung mit dazu betr\u00e4gt Frieden und Freiheit unter den V\u00f6lkern durch st\u00e4ndige Kontakte mit unseren Freunden im Ausland zu erhalten.<\/p>\n<p>&nbsp;<\/p>\n<p>Dieser Entscheidung gingen viele Sondierungsgespr\u00e4che und Besuche in Hainburg und Nieder-Roden voraus. Gremienmitgleider und Vereinsvertreter lernten sich kennen und sch\u00e4tzen.<\/p>\n<p>&nbsp;<\/p>\n<p>Am 25. Mai 1974 wurde in einem Festakt im B\u00fcrgerhaus Nieder-Roden die Partnerschaftsurkunde von den beiden B\u00fcrgermeistern, Hubert Rein f\u00fcr Hainburg und Hans Elgner f\u00fcr Nieder-Roden, unterzeichnet.<\/p>\n<p><img loading=\"lazy\" decoding=\"async\" class=\"aligncenter wp-image-15 size-full\" src=\"http:\/\/xn--ak-stdtepartnerschaft-91b.de\/wp-content\/uploads\/2016\/03\/Unbenannt2.jpg\" alt=\"Unbenannt2\" width=\"825\" height=\"584\" srcset=\"https:\/\/xn--ak-stdtepartnerschaft-91b.de\/wp-content\/uploads\/2016\/03\/Unbenannt2.jpg 825w, https:\/\/xn--ak-stdtepartnerschaft-91b.de\/wp-content\/uploads\/2016\/03\/Unbenannt2-300x212.jpg 300w, https:\/\/xn--ak-stdtepartnerschaft-91b.de\/wp-content\/uploads\/2016\/03\/Unbenannt2-768x544.jpg 768w\" sizes=\"(max-width: 825px) 100vw, 825px\" \/><\/p>\n<p>&nbsp;<\/p>\n<p>Die Freundschaft zwischen beiden St\u00e4dten w\u00e4hrt jetzt \u00fcber 40 Jahre. Es bestehen freundschaftliche Verbindungen auf verschiedenen Ebenen. Die Feuerwehren, das Rote Kreuz, die Autorenrunde und viele Menschen pflegen Freundschaften.<\/p>\n<p>&nbsp;<\/p>\n<p>Am 16. Mai 2015 wurde in Hainburg an der Donau die Urkunde aus Anlass des 40-j\u00e4hrigen Bestehens der Freundschaft beider St\u00e4dte von Herrn B\u00fcrgermeister Josef Zeitelhofer und in Vertretung f\u00fcr Herrn B\u00fcrgermeister J\u00fcrgen Hoffman durch Herrn Stadtrat Werner Kremeier unterzeichnet.<\/p>\n<p><img loading=\"lazy\" decoding=\"async\" class=\"alignnone wp-image-134\" src=\"http:\/\/xn--ak-stdtepartnerschaft-91b.de\/wp-content\/uploads\/2016\/03\/Urkunde_16052015-1024x725.jpg\" alt=\"Urkunde_16052015\" width=\"843\" height=\"597\" srcset=\"https:\/\/xn--ak-stdtepartnerschaft-91b.de\/wp-content\/uploads\/2016\/03\/Urkunde_16052015-1024x725.jpg 1024w, https:\/\/xn--ak-stdtepartnerschaft-91b.de\/wp-content\/uploads\/2016\/03\/Urkunde_16052015-300x212.jpg 300w, https:\/\/xn--ak-stdtepartnerschaft-91b.de\/wp-content\/uploads\/2016\/03\/Urkunde_16052015-768x544.jpg 768w, https:\/\/xn--ak-stdtepartnerschaft-91b.de\/wp-content\/uploads\/2016\/03\/Urkunde_16052015.jpg 1509w\" sizes=\"(max-width: 843px) 100vw, 843px\" \/><\/p>\n<p>&nbsp;<\/p>\n<p>&nbsp;<\/p>\n<p>&nbsp;<\/p>\n","protected":false},"excerpt":{"rendered":"<p>Die Gemeindevertretung von Nieder-Roden beschloss in ihrer Sitzung vom 06. M\u00e4rz 1974 mit Puiseaux in Frankreich und Hainburg an der Donau in \u00d6sterreich eine St\u00e4dtepartnerschaft einzugehen. Der Beschluss sprach die Hoffnung aus, dass die Gemeinde Nieder-Roden durch ihre gefasste Entscheidung mit dazu betr\u00e4gt Frieden und Freiheit unter den V\u00f6lkern durch st\u00e4ndige Kontakte mit unseren Freunden [&hellip;]<\/p>\n","protected":false},"author":1,"featured_media":0,"parent":0,"menu_order":1,"comment_status":"closed","ping_status":"closed","template":"","meta":{"footnotes":""},"class_list":["post-14","page","type-page","status-publish","czr-hentry"],"_links":{"self":[{"href":"https:\/\/xn--ak-stdtepartnerschaft-91b.de\/index.php?rest_route=\/wp\/v2\/pages\/14"}],"collection":[{"href":"https:\/\/xn--ak-stdtepartnerschaft-91b.de\/index.php?rest_route=\/wp\/v2\/pages"}],"about":[{"href":"https:\/\/xn--ak-stdtepartnerschaft-91b.de\/index.php?rest_route=\/wp\/v2\/types\/page"}],"author":[{"embeddable":true,"href":"https:\/\/xn--ak-stdtepartnerschaft-91b.de\/index.php?rest_route=\/wp\/v2\/users\/1"}],"replies":[{"embeddable":true,"href":"https:\/\/xn--ak-stdtepartnerschaft-91b.de\/index.php?rest_route=%2Fwp%2Fv2%2Fcomments&post=14"}],"version-history":[{"count":7,"href":"https:\/\/xn--ak-stdtepartnerschaft-91b.de\/index.php?rest_route=\/wp\/v2\/pages\/14\/revisions"}],"predecessor-version":[{"id":155,"href":"https:\/\/xn--ak-stdtepartnerschaft-91b.de\/index.php?rest_route=\/wp\/v2\/pages\/14\/revisions\/155"}],"wp:attachment":[{"href":"https:\/\/xn--ak-stdtepartnerschaft-91b.de\/index.php?rest_route=%2Fwp%2Fv2%2Fmedia&parent=14"}],"curies":[{"name":"wp","href":"https:\/\/api.w.org\/{rel}","templated":true}]}}