{"id":59,"date":"2016-03-12T08:36:13","date_gmt":"2016-03-12T08:36:13","guid":{"rendered":"http:\/\/xn--ak-stdtepartnerschaft-91b.de\/?page_id=59"},"modified":"2016-03-31T17:07:03","modified_gmt":"2016-03-31T17:07:03","slug":"partnerschaftsteppich","status":"publish","type":"page","link":"http:\/\/xn--ak-stdtepartnerschaft-91b.de\/?page_id=59","title":{"rendered":"Partnerschaftsteppich"},"content":{"rendered":"<p>Die Idee f\u00fcr das Entstehen eines Partnerschaftsteppichs in Rodgau hatte Edgar Krausch, der Ehrenvorsitzende des Partnerschaftsvereines mit Puiseaux, ins Leben gerufen. Er konnte begeistern und viele Unterst\u00fctzer f\u00fcr die Realisierung des Projektes gewinnen. Wir sagen ein sehr herzliches Wort des Dankes an ihn und alle Unterst\u00fctzer.<\/p>\n<p>&nbsp;<\/p>\n<p>So ist der Teppich entstanden:<\/p>\n<p>&nbsp;<\/p>\n<p><img loading=\"lazy\" decoding=\"async\" class=\"alignnone size-large wp-image-137\" src=\"http:\/\/xn--ak-stdtepartnerschaft-91b.de\/wp-content\/uploads\/2016\/03\/Partnerschaftsteppich-1-1024x725.jpg\" alt=\"Partnerschaftsteppich (1)\" width=\"1024\" height=\"725\" srcset=\"http:\/\/xn--ak-stdtepartnerschaft-91b.de\/wp-content\/uploads\/2016\/03\/Partnerschaftsteppich-1-1024x725.jpg 1024w, http:\/\/xn--ak-stdtepartnerschaft-91b.de\/wp-content\/uploads\/2016\/03\/Partnerschaftsteppich-1-300x212.jpg 300w, http:\/\/xn--ak-stdtepartnerschaft-91b.de\/wp-content\/uploads\/2016\/03\/Partnerschaftsteppich-1-768x544.jpg 768w, http:\/\/xn--ak-stdtepartnerschaft-91b.de\/wp-content\/uploads\/2016\/03\/Partnerschaftsteppich-1.jpg 1403w\" sizes=\"(max-width: 1024px) 100vw, 1024px\" \/><\/p>\n<p>&nbsp;<\/p>\n<p><img loading=\"lazy\" decoding=\"async\" class=\"alignnone size-large wp-image-138\" src=\"http:\/\/xn--ak-stdtepartnerschaft-91b.de\/wp-content\/uploads\/2016\/03\/Partnerschaftsteppich-2-1024x724.jpg\" alt=\"Partnerschaftsteppich (2)\" width=\"1024\" height=\"724\" srcset=\"http:\/\/xn--ak-stdtepartnerschaft-91b.de\/wp-content\/uploads\/2016\/03\/Partnerschaftsteppich-2-1024x724.jpg 1024w, http:\/\/xn--ak-stdtepartnerschaft-91b.de\/wp-content\/uploads\/2016\/03\/Partnerschaftsteppich-2-300x212.jpg 300w, http:\/\/xn--ak-stdtepartnerschaft-91b.de\/wp-content\/uploads\/2016\/03\/Partnerschaftsteppich-2-768x543.jpg 768w, http:\/\/xn--ak-stdtepartnerschaft-91b.de\/wp-content\/uploads\/2016\/03\/Partnerschaftsteppich-2.jpg 1412w\" sizes=\"(max-width: 1024px) 100vw, 1024px\" \/><img loading=\"lazy\" decoding=\"async\" class=\"alignnone size-large wp-image-140\" src=\"http:\/\/xn--ak-stdtepartnerschaft-91b.de\/wp-content\/uploads\/2016\/03\/Partnerschaftsteppich-4-1024x720.jpg\" alt=\"Partnerschaftsteppich (4)\" width=\"1024\" height=\"720\" srcset=\"http:\/\/xn--ak-stdtepartnerschaft-91b.de\/wp-content\/uploads\/2016\/03\/Partnerschaftsteppich-4-1024x720.jpg 1024w, http:\/\/xn--ak-stdtepartnerschaft-91b.de\/wp-content\/uploads\/2016\/03\/Partnerschaftsteppich-4-300x211.jpg 300w, http:\/\/xn--ak-stdtepartnerschaft-91b.de\/wp-content\/uploads\/2016\/03\/Partnerschaftsteppich-4-768x540.jpg 768w, http:\/\/xn--ak-stdtepartnerschaft-91b.de\/wp-content\/uploads\/2016\/03\/Partnerschaftsteppich-4.jpg 1389w\" sizes=\"(max-width: 1024px) 100vw, 1024px\" \/><img loading=\"lazy\" decoding=\"async\" class=\"wp-image-139 aligncenter\" src=\"http:\/\/xn--ak-stdtepartnerschaft-91b.de\/wp-content\/uploads\/2016\/03\/Partnerschaftsteppich-3-300x212.jpg\" alt=\"Partnerschaftsteppich (3)\" width=\"6\" height=\"4\" srcset=\"http:\/\/xn--ak-stdtepartnerschaft-91b.de\/wp-content\/uploads\/2016\/03\/Partnerschaftsteppich-3-300x212.jpg 300w, http:\/\/xn--ak-stdtepartnerschaft-91b.de\/wp-content\/uploads\/2016\/03\/Partnerschaftsteppich-3-768x543.jpg 768w, http:\/\/xn--ak-stdtepartnerschaft-91b.de\/wp-content\/uploads\/2016\/03\/Partnerschaftsteppich-3-1024x724.jpg 1024w, http:\/\/xn--ak-stdtepartnerschaft-91b.de\/wp-content\/uploads\/2016\/03\/Partnerschaftsteppich-3.jpg 1396w\" sizes=\"(max-width: 6px) 100vw, 6px\" \/><\/p>\n<p>&nbsp;<\/p>\n<p><img loading=\"lazy\" decoding=\"async\" class=\"alignnone size-large wp-image-142\" src=\"http:\/\/xn--ak-stdtepartnerschaft-91b.de\/wp-content\/uploads\/2016\/03\/Partnerschaftsteppich-6-1024x717.jpg\" alt=\"Partnerschaftsteppich (6)\" width=\"1024\" height=\"717\" srcset=\"http:\/\/xn--ak-stdtepartnerschaft-91b.de\/wp-content\/uploads\/2016\/03\/Partnerschaftsteppich-6-1024x717.jpg 1024w, http:\/\/xn--ak-stdtepartnerschaft-91b.de\/wp-content\/uploads\/2016\/03\/Partnerschaftsteppich-6-300x210.jpg 300w, http:\/\/xn--ak-stdtepartnerschaft-91b.de\/wp-content\/uploads\/2016\/03\/Partnerschaftsteppich-6-768x538.jpg 768w, http:\/\/xn--ak-stdtepartnerschaft-91b.de\/wp-content\/uploads\/2016\/03\/Partnerschaftsteppich-6.jpg 1397w\" sizes=\"(max-width: 1024px) 100vw, 1024px\" \/><img loading=\"lazy\" decoding=\"async\" class=\"alignnone size-large wp-image-143\" src=\"http:\/\/xn--ak-stdtepartnerschaft-91b.de\/wp-content\/uploads\/2016\/03\/Partnerschaftsteppich-7-1024x721.jpg\" alt=\"Partnerschaftsteppich (7)\" width=\"1024\" height=\"721\" srcset=\"http:\/\/xn--ak-stdtepartnerschaft-91b.de\/wp-content\/uploads\/2016\/03\/Partnerschaftsteppich-7-1024x721.jpg 1024w, http:\/\/xn--ak-stdtepartnerschaft-91b.de\/wp-content\/uploads\/2016\/03\/Partnerschaftsteppich-7-300x211.jpg 300w, http:\/\/xn--ak-stdtepartnerschaft-91b.de\/wp-content\/uploads\/2016\/03\/Partnerschaftsteppich-7-768x541.jpg 768w, http:\/\/xn--ak-stdtepartnerschaft-91b.de\/wp-content\/uploads\/2016\/03\/Partnerschaftsteppich-7.jpg 1387w\" sizes=\"(max-width: 1024px) 100vw, 1024px\" \/><\/p>\n","protected":false},"excerpt":{"rendered":"<p>Die Idee f\u00fcr das Entstehen eines Partnerschaftsteppichs in Rodgau hatte Edgar Krausch, der Ehrenvorsitzende des Partnerschaftsvereines mit Puiseaux, ins Leben gerufen. Er konnte begeistern und viele Unterst\u00fctzer f\u00fcr die Realisierung des Projektes gewinnen. Wir sagen ein sehr herzliches Wort des Dankes an ihn und alle Unterst\u00fctzer. &nbsp; So ist der Teppich entstanden: &nbsp; &nbsp; &nbsp;<\/p>\n","protected":false},"author":1,"featured_media":0,"parent":0,"menu_order":0,"comment_status":"closed","ping_status":"closed","template":"","meta":{"footnotes":""},"class_list":["post-59","page","type-page","status-publish","czr-hentry"],"_links":{"self":[{"href":"http:\/\/xn--ak-stdtepartnerschaft-91b.de\/index.php?rest_route=\/wp\/v2\/pages\/59"}],"collection":[{"href":"http:\/\/xn--ak-stdtepartnerschaft-91b.de\/index.php?rest_route=\/wp\/v2\/pages"}],"about":[{"href":"http:\/\/xn--ak-stdtepartnerschaft-91b.de\/index.php?rest_route=\/wp\/v2\/types\/page"}],"author":[{"embeddable":true,"href":"http:\/\/xn--ak-stdtepartnerschaft-91b.de\/index.php?rest_route=\/wp\/v2\/users\/1"}],"replies":[{"embeddable":true,"href":"http:\/\/xn--ak-stdtepartnerschaft-91b.de\/index.php?rest_route=%2Fwp%2Fv2%2Fcomments&post=59"}],"version-history":[{"count":7,"href":"http:\/\/xn--ak-stdtepartnerschaft-91b.de\/index.php?rest_route=\/wp\/v2\/pages\/59\/revisions"}],"predecessor-version":[{"id":157,"href":"http:\/\/xn--ak-stdtepartnerschaft-91b.de\/index.php?rest_route=\/wp\/v2\/pages\/59\/revisions\/157"}],"wp:attachment":[{"href":"http:\/\/xn--ak-stdtepartnerschaft-91b.de\/index.php?rest_route=%2Fwp%2Fv2%2Fmedia&parent=59"}],"curies":[{"name":"wp","href":"https:\/\/api.w.org\/{rel}","templated":true}]}}