{"id":56,"date":"2016-03-11T22:11:23","date_gmt":"2016-03-11T22:11:23","guid":{"rendered":"http:\/\/xn--ak-stdtepartnerschaft-91b.de\/?page_id=56"},"modified":"2016-04-07T17:37:34","modified_gmt":"2016-04-07T17:37:34","slug":"unsere-freunde-der-hainburger-feuerwehr","status":"publish","type":"page","link":"http:\/\/xn--ak-stdtepartnerschaft-91b.de\/?page_id=56","title":{"rendered":"Hainburger Feuerwehr"},"content":{"rendered":"<p><img loading=\"lazy\" decoding=\"async\" class=\"alignnone size-large wp-image-178\" src=\"http:\/\/xn--ak-stdtepartnerschaft-91b.de\/wp-content\/uploads\/2016\/04\/000723-1024x768.jpg\" alt=\"[000723]\" width=\"1024\" height=\"768\" srcset=\"http:\/\/xn--ak-stdtepartnerschaft-91b.de\/wp-content\/uploads\/2016\/04\/000723-1024x768.jpg 1024w, http:\/\/xn--ak-stdtepartnerschaft-91b.de\/wp-content\/uploads\/2016\/04\/000723-300x225.jpg 300w, http:\/\/xn--ak-stdtepartnerschaft-91b.de\/wp-content\/uploads\/2016\/04\/000723-768x576.jpg 768w\" sizes=\"(max-width: 1024px) 100vw, 1024px\" \/><img loading=\"lazy\" decoding=\"async\" class=\"alignnone size-large wp-image-177\" src=\"http:\/\/xn--ak-stdtepartnerschaft-91b.de\/wp-content\/uploads\/2016\/04\/001178-1024x768.jpg\" alt=\"[001178]\" width=\"1024\" height=\"768\" srcset=\"http:\/\/xn--ak-stdtepartnerschaft-91b.de\/wp-content\/uploads\/2016\/04\/001178-1024x768.jpg 1024w, http:\/\/xn--ak-stdtepartnerschaft-91b.de\/wp-content\/uploads\/2016\/04\/001178-300x225.jpg 300w, http:\/\/xn--ak-stdtepartnerschaft-91b.de\/wp-content\/uploads\/2016\/04\/001178-768x576.jpg 768w\" sizes=\"(max-width: 1024px) 100vw, 1024px\" \/>Die Kameradinnen und Kammeraden der Feuerwehren in Hainburg und in Rodgau sind seit vielen Jahren freundschaftlich verbunden. Neben vielen gegenseitigen Besuchen gibt es auch ganz pers\u00f6nliche tiefe Freundschaften.<\/p>\n<p>Unvergessen ist die Fahrt von dem leider viel zu fr\u00fch verstorbenen Sebastian Spahn mit seinem Traktor nach Hainburg an der Donau zum dortigen Florianifest.<\/p>\n<p>Wir w\u00fcnschen allen Kameradinnen und Kameraden, dass sie nach den Eins\u00e4tzen wieder gesund und wohlbehalten zu ihren Familien\u00a0nach Hause kommen.<\/p>\n<p>&nbsp;<\/p>\n<p><a href=\"http:\/\/www.ff-hainburg.at\" target=\"_blank\">Dieser Link f\u00fcr Sie zu den Freunden nach Hainburg an der Donau<\/a><\/p>\n","protected":false},"excerpt":{"rendered":"<p>Die Kameradinnen und Kammeraden der Feuerwehren in Hainburg und in Rodgau sind seit vielen Jahren freundschaftlich verbunden. Neben vielen gegenseitigen Besuchen gibt es auch ganz pers\u00f6nliche tiefe Freundschaften. Unvergessen ist die Fahrt von dem leider viel zu fr\u00fch verstorbenen Sebastian Spahn mit seinem Traktor nach Hainburg an der Donau zum dortigen Florianifest. Wir w\u00fcnschen allen [&hellip;]<\/p>\n","protected":false},"author":1,"featured_media":0,"parent":0,"menu_order":0,"comment_status":"closed","ping_status":"closed","template":"","meta":{"footnotes":""},"class_list":["post-56","page","type-page","status-publish","czr-hentry"],"_links":{"self":[{"href":"http:\/\/xn--ak-stdtepartnerschaft-91b.de\/index.php?rest_route=\/wp\/v2\/pages\/56"}],"collection":[{"href":"http:\/\/xn--ak-stdtepartnerschaft-91b.de\/index.php?rest_route=\/wp\/v2\/pages"}],"about":[{"href":"http:\/\/xn--ak-stdtepartnerschaft-91b.de\/index.php?rest_route=\/wp\/v2\/types\/page"}],"author":[{"embeddable":true,"href":"http:\/\/xn--ak-stdtepartnerschaft-91b.de\/index.php?rest_route=\/wp\/v2\/users\/1"}],"replies":[{"embeddable":true,"href":"http:\/\/xn--ak-stdtepartnerschaft-91b.de\/index.php?rest_route=%2Fwp%2Fv2%2Fcomments&post=56"}],"version-history":[{"count":3,"href":"http:\/\/xn--ak-stdtepartnerschaft-91b.de\/index.php?rest_route=\/wp\/v2\/pages\/56\/revisions"}],"predecessor-version":[{"id":179,"href":"http:\/\/xn--ak-stdtepartnerschaft-91b.de\/index.php?rest_route=\/wp\/v2\/pages\/56\/revisions\/179"}],"wp:attachment":[{"href":"http:\/\/xn--ak-stdtepartnerschaft-91b.de\/index.php?rest_route=%2Fwp%2Fv2%2Fmedia&parent=56"}],"curies":[{"name":"wp","href":"https:\/\/api.w.org\/{rel}","templated":true}]}}