{"id":544,"date":"2024-05-29T18:29:28","date_gmt":"2024-05-29T18:29:28","guid":{"rendered":"https:\/\/xn--ak-stdtepartnerschaft-91b.de\/?page_id=544"},"modified":"2024-06-27T15:17:59","modified_gmt":"2024-06-27T15:17:59","slug":"50-jahre-staedtepartnerschaft","status":"publish","type":"page","link":"http:\/\/xn--ak-stdtepartnerschaft-91b.de\/?page_id=544","title":{"rendered":"50 Jahre St\u00e4dtepartnerschaft"},"content":{"rendered":"\n<p>Am Wochenende vom 09. bis 12. Mai 2024 wurde in Rodgau das Jubil\u00e4um zum 50 j\u00e4hrigen Bestehen der St\u00e4dtepartnerschaft mit Hainburg an der Donau und Puiseaux gefeiert. Auch Delegationen aus den Partnerst\u00e4dten Nieuwpoort und Donja Stubica waren angereist, um mit uns gemeinsam das Jubil\u00e4um zu begehen. Das zeigt die Verbundenheit und den Wert der Beziehungen unserer St\u00e4dte und vor allem der Menschen, die Freunde geworden sind.<\/p>\n\n\n\n<p>Gemeinsam mit der Hainburger Autorenrunde ist eine Festschrift entstanden, die als Chronik der 50 Jahre, vom Beginn im Jahr 1973 bis heute, das Geschehen dokumentiert. Danke daf\u00fcr an die vielen Unterst\u00fctzer des Buchprojektes, insbesondere an Erwin Matl und Boris Perkman. Die Festschrift k\u00f6nnen Sie hier ansehen:<\/p>\n\n\n\n<div data-wp-interactive=\"core\/file\" class=\"wp-block-file\"><object data-wp-bind--hidden=\"!state.hasPdfPreview\"  class=\"wp-block-file__embed\" data=\"http:\/\/xn--ak-stdtepartnerschaft-91b.de\/wp-content\/uploads\/2024\/05\/DD_50J_Buch_online.pdf\" type=\"application\/pdf\" style=\"width:100%;height:200px\" aria-label=\"Einbettung von Festschrift: 50 Jahre St\u00e4dtepartnerschaft Rodgau Nieder-Roden mit Hainburg an der Donau.\"><\/object><a id=\"wp-block-file--media-f0377ee2-0648-4a09-a2ff-b0e2e1ac1d69\" href=\"http:\/\/xn--ak-stdtepartnerschaft-91b.de\/wp-content\/uploads\/2024\/05\/DD_50J_Buch_online.pdf\">Festschrift: 50 Jahre St\u00e4dtepartnerschaft Rodgau Nieder-Roden mit Hainburg an der Donau<\/a><a href=\"http:\/\/xn--ak-stdtepartnerschaft-91b.de\/wp-content\/uploads\/2024\/05\/DD_50J_Buch_online.pdf\" class=\"wp-block-file__button wp-element-button\" download aria-describedby=\"wp-block-file--media-f0377ee2-0648-4a09-a2ff-b0e2e1ac1d69\">Herunterladen<\/a><\/div>\n\n\n\n<p>Die G\u00e4ste aus Hainburg an der Donau reisten am Donnerstag an und wurden im Feuerwehrhaus Rodgau-S\u00fcd herzlich begr\u00fc\u00dft. Die beiden Feuerwehren hatten ihr 50 j\u00e4hriges Bestehen schon im letzten Jahr in Hainburg w\u00fcrdig begangen. Im Rahmen des Festaktes erfolgte auch die Unterzeichnung der Best\u00e4tigungsurkunde. Die Kameradinnen und Kameraden aus Hainburg hatten ein besonders Geschenk vorbereitet, einen Feuertopf mit dem Hainburger Wappen.<\/p>\n\n\n\n<figure class=\"wp-block-image size-large is-resized\"><img loading=\"lazy\" decoding=\"async\" width=\"768\" height=\"1024\" src=\"http:\/\/xn--ak-stdtepartnerschaft-91b.de\/wp-content\/uploads\/2024\/05\/iPhone-Bilder-bis-15.-Mai-2024-1028-768x1024.jpg\" alt=\"\" class=\"wp-image-594\" style=\"width:639px;height:auto\" srcset=\"http:\/\/xn--ak-stdtepartnerschaft-91b.de\/wp-content\/uploads\/2024\/05\/iPhone-Bilder-bis-15.-Mai-2024-1028-768x1024.jpg 768w, http:\/\/xn--ak-stdtepartnerschaft-91b.de\/wp-content\/uploads\/2024\/05\/iPhone-Bilder-bis-15.-Mai-2024-1028-225x300.jpg 225w, http:\/\/xn--ak-stdtepartnerschaft-91b.de\/wp-content\/uploads\/2024\/05\/iPhone-Bilder-bis-15.-Mai-2024-1028-1152x1536.jpg 1152w, http:\/\/xn--ak-stdtepartnerschaft-91b.de\/wp-content\/uploads\/2024\/05\/iPhone-Bilder-bis-15.-Mai-2024-1028-1536x2048.jpg 1536w, http:\/\/xn--ak-stdtepartnerschaft-91b.de\/wp-content\/uploads\/2024\/05\/iPhone-Bilder-bis-15.-Mai-2024-1028-scaled.jpg 1920w\" sizes=\"(max-width: 768px) 100vw, 768px\" \/><\/figure>\n\n\n\n<p>Am Freitag fand auf dem Gel\u00e4nde der SG Nieder-Roden ein Fu\u00dfballspiel zwischen den beiden Jugendmannschaften aus Puiseaux und der SG Nieder-Roden statt. Danach ging es nach Frankfurt am Main in das Fu\u00dfballstation und die anderen G\u00e4ste besuchten eine F\u00fchrung in der Altstadt.<\/p>\n\n\n\n<p>Am Abend traf man sich gemeinsam am Badesee in Nieder-Roden zum Tagesausklang. Hier einige Impressionen des Abends:<\/p>\n\n\n\n<figure class=\"wp-block-image size-large is-resized\"><img loading=\"lazy\" decoding=\"async\" width=\"1024\" height=\"768\" src=\"http:\/\/xn--ak-stdtepartnerschaft-91b.de\/wp-content\/uploads\/2024\/05\/iPhone-Bilder-bis-15.-Mai-2024-1036-1024x768.jpg\" alt=\"\" class=\"wp-image-595\" style=\"width:637px;height:auto\" srcset=\"http:\/\/xn--ak-stdtepartnerschaft-91b.de\/wp-content\/uploads\/2024\/05\/iPhone-Bilder-bis-15.-Mai-2024-1036-1024x768.jpg 1024w, http:\/\/xn--ak-stdtepartnerschaft-91b.de\/wp-content\/uploads\/2024\/05\/iPhone-Bilder-bis-15.-Mai-2024-1036-300x225.jpg 300w, http:\/\/xn--ak-stdtepartnerschaft-91b.de\/wp-content\/uploads\/2024\/05\/iPhone-Bilder-bis-15.-Mai-2024-1036-768x576.jpg 768w, http:\/\/xn--ak-stdtepartnerschaft-91b.de\/wp-content\/uploads\/2024\/05\/iPhone-Bilder-bis-15.-Mai-2024-1036-1536x1152.jpg 1536w, http:\/\/xn--ak-stdtepartnerschaft-91b.de\/wp-content\/uploads\/2024\/05\/iPhone-Bilder-bis-15.-Mai-2024-1036-2048x1536.jpg 2048w\" sizes=\"(max-width: 1024px) 100vw, 1024px\" \/><\/figure>\n\n\n\n<figure class=\"wp-block-image size-large\"><img loading=\"lazy\" decoding=\"async\" width=\"1024\" height=\"768\" src=\"http:\/\/xn--ak-stdtepartnerschaft-91b.de\/wp-content\/uploads\/2024\/05\/Festttage-Rodgau-Mai-2024-09-1024x768.jpg\" alt=\"\" class=\"wp-image-596\" srcset=\"http:\/\/xn--ak-stdtepartnerschaft-91b.de\/wp-content\/uploads\/2024\/05\/Festttage-Rodgau-Mai-2024-09-1024x768.jpg 1024w, http:\/\/xn--ak-stdtepartnerschaft-91b.de\/wp-content\/uploads\/2024\/05\/Festttage-Rodgau-Mai-2024-09-300x225.jpg 300w, http:\/\/xn--ak-stdtepartnerschaft-91b.de\/wp-content\/uploads\/2024\/05\/Festttage-Rodgau-Mai-2024-09-768x576.jpg 768w, http:\/\/xn--ak-stdtepartnerschaft-91b.de\/wp-content\/uploads\/2024\/05\/Festttage-Rodgau-Mai-2024-09-1536x1152.jpg 1536w, http:\/\/xn--ak-stdtepartnerschaft-91b.de\/wp-content\/uploads\/2024\/05\/Festttage-Rodgau-Mai-2024-09.jpg 1959w\" sizes=\"(max-width: 1024px) 100vw, 1024px\" \/><\/figure>\n\n\n\n<p>Am Samstag fand der Festakt im B\u00fcrgerhaus Nieder-Roden statt. Der Musikverein Nieder-Roden begleitete den Festakt musikalisch. Eine Bilderschau, moderiert durch Herrn Stadtrat Winno Sahm, zeigte die vergangenen 50 Jahre in Bildern mit erl\u00e4uterten Texten.<\/p>\n\n\n\n<p>Alle Partnerst\u00e4dte waren mit ihren B\u00fcrgermeistern oder deren Vertretungen pr\u00e4sent. Das zeigt die Verbundenheit zum Gedanken der St\u00e4dtepartnerschaft und zu einem gemeinsamen Europa. Das Land Hessen war mit Frau Staatssekret\u00e4rin Karin M\u00fcller Vertreten.<\/p>\n\n\n\n<p>Hier einige Impressionen des Festaktes:<\/p>\n\n\n\n<figure class=\"wp-block-image size-large\"><img loading=\"lazy\" decoding=\"async\" width=\"1024\" height=\"724\" src=\"http:\/\/xn--ak-stdtepartnerschaft-91b.de\/wp-content\/uploads\/2024\/06\/20240617-101105_0001-1-pdf-1024x724.jpg\" alt=\"\" class=\"wp-image-625\"\/><\/figure>\n\n\n\n<figure class=\"wp-block-image size-large\"><img loading=\"lazy\" decoding=\"async\" width=\"1024\" height=\"768\" src=\"http:\/\/xn--ak-stdtepartnerschaft-91b.de\/wp-content\/uploads\/2024\/05\/IMG_4146-1024x768.jpg\" alt=\"\" class=\"wp-image-552\" srcset=\"http:\/\/xn--ak-stdtepartnerschaft-91b.de\/wp-content\/uploads\/2024\/05\/IMG_4146-1024x768.jpg 1024w, http:\/\/xn--ak-stdtepartnerschaft-91b.de\/wp-content\/uploads\/2024\/05\/IMG_4146-300x225.jpg 300w, http:\/\/xn--ak-stdtepartnerschaft-91b.de\/wp-content\/uploads\/2024\/05\/IMG_4146-768x576.jpg 768w, http:\/\/xn--ak-stdtepartnerschaft-91b.de\/wp-content\/uploads\/2024\/05\/IMG_4146-1536x1152.jpg 1536w, http:\/\/xn--ak-stdtepartnerschaft-91b.de\/wp-content\/uploads\/2024\/05\/IMG_4146-2048x1536.jpg 2048w\" sizes=\"(max-width: 1024px) 100vw, 1024px\" \/><\/figure>\n\n\n\n<figure class=\"wp-block-image size-large\"><img loading=\"lazy\" decoding=\"async\" width=\"1024\" height=\"768\" src=\"http:\/\/xn--ak-stdtepartnerschaft-91b.de\/wp-content\/uploads\/2024\/05\/IMG_4272-1024x768.jpg\" alt=\"\" class=\"wp-image-571\" srcset=\"http:\/\/xn--ak-stdtepartnerschaft-91b.de\/wp-content\/uploads\/2024\/05\/IMG_4272-1024x768.jpg 1024w, http:\/\/xn--ak-stdtepartnerschaft-91b.de\/wp-content\/uploads\/2024\/05\/IMG_4272-300x225.jpg 300w, http:\/\/xn--ak-stdtepartnerschaft-91b.de\/wp-content\/uploads\/2024\/05\/IMG_4272-768x576.jpg 768w, http:\/\/xn--ak-stdtepartnerschaft-91b.de\/wp-content\/uploads\/2024\/05\/IMG_4272-1536x1152.jpg 1536w, http:\/\/xn--ak-stdtepartnerschaft-91b.de\/wp-content\/uploads\/2024\/05\/IMG_4272-2048x1536.jpg 2048w\" sizes=\"(max-width: 1024px) 100vw, 1024px\" \/><\/figure>\n\n\n\n<figure class=\"wp-block-image size-large\"><img loading=\"lazy\" decoding=\"async\" width=\"1024\" height=\"645\" src=\"http:\/\/xn--ak-stdtepartnerschaft-91b.de\/wp-content\/uploads\/2024\/05\/Festttage-Rodgau-Mai-2024-24-1024x645.jpg\" alt=\"\" class=\"wp-image-540\" srcset=\"http:\/\/xn--ak-stdtepartnerschaft-91b.de\/wp-content\/uploads\/2024\/05\/Festttage-Rodgau-Mai-2024-24-1024x645.jpg 1024w, http:\/\/xn--ak-stdtepartnerschaft-91b.de\/wp-content\/uploads\/2024\/05\/Festttage-Rodgau-Mai-2024-24-300x189.jpg 300w, http:\/\/xn--ak-stdtepartnerschaft-91b.de\/wp-content\/uploads\/2024\/05\/Festttage-Rodgau-Mai-2024-24-768x484.jpg 768w, http:\/\/xn--ak-stdtepartnerschaft-91b.de\/wp-content\/uploads\/2024\/05\/Festttage-Rodgau-Mai-2024-24.jpg 1167w\" sizes=\"(max-width: 1024px) 100vw, 1024px\" \/><\/figure>\n\n\n\n<figure class=\"wp-block-image size-large\"><img loading=\"lazy\" decoding=\"async\" width=\"1024\" height=\"768\" src=\"http:\/\/xn--ak-stdtepartnerschaft-91b.de\/wp-content\/uploads\/2024\/05\/IMG_E4298-1024x768.jpg\" alt=\"\" class=\"wp-image-588\" srcset=\"http:\/\/xn--ak-stdtepartnerschaft-91b.de\/wp-content\/uploads\/2024\/05\/IMG_E4298-1024x768.jpg 1024w, http:\/\/xn--ak-stdtepartnerschaft-91b.de\/wp-content\/uploads\/2024\/05\/IMG_E4298-300x225.jpg 300w, http:\/\/xn--ak-stdtepartnerschaft-91b.de\/wp-content\/uploads\/2024\/05\/IMG_E4298-768x576.jpg 768w, http:\/\/xn--ak-stdtepartnerschaft-91b.de\/wp-content\/uploads\/2024\/05\/IMG_E4298-1536x1152.jpg 1536w, http:\/\/xn--ak-stdtepartnerschaft-91b.de\/wp-content\/uploads\/2024\/05\/IMG_E4298-2048x1536.jpg 2048w\" sizes=\"(max-width: 1024px) 100vw, 1024px\" \/><\/figure>\n\n\n\n<figure class=\"wp-block-image size-large\"><img loading=\"lazy\" decoding=\"async\" width=\"768\" height=\"1024\" src=\"http:\/\/xn--ak-stdtepartnerschaft-91b.de\/wp-content\/uploads\/2024\/05\/IMG_4274-768x1024.jpg\" alt=\"\" class=\"wp-image-573\" srcset=\"http:\/\/xn--ak-stdtepartnerschaft-91b.de\/wp-content\/uploads\/2024\/05\/IMG_4274-768x1024.jpg 768w, http:\/\/xn--ak-stdtepartnerschaft-91b.de\/wp-content\/uploads\/2024\/05\/IMG_4274-225x300.jpg 225w, http:\/\/xn--ak-stdtepartnerschaft-91b.de\/wp-content\/uploads\/2024\/05\/IMG_4274-1152x1536.jpg 1152w, http:\/\/xn--ak-stdtepartnerschaft-91b.de\/wp-content\/uploads\/2024\/05\/IMG_4274-1536x2048.jpg 1536w, http:\/\/xn--ak-stdtepartnerschaft-91b.de\/wp-content\/uploads\/2024\/05\/IMG_4274-scaled.jpg 1920w\" sizes=\"(max-width: 768px) 100vw, 768px\" \/><\/figure>\n\n\n\n<figure class=\"wp-block-image size-large\"><img loading=\"lazy\" decoding=\"async\" width=\"768\" height=\"1024\" src=\"http:\/\/xn--ak-stdtepartnerschaft-91b.de\/wp-content\/uploads\/2024\/05\/IMG_4200-768x1024.jpg\" alt=\"\" class=\"wp-image-561\" srcset=\"http:\/\/xn--ak-stdtepartnerschaft-91b.de\/wp-content\/uploads\/2024\/05\/IMG_4200-768x1024.jpg 768w, http:\/\/xn--ak-stdtepartnerschaft-91b.de\/wp-content\/uploads\/2024\/05\/IMG_4200-225x300.jpg 225w, http:\/\/xn--ak-stdtepartnerschaft-91b.de\/wp-content\/uploads\/2024\/05\/IMG_4200-1152x1536.jpg 1152w, http:\/\/xn--ak-stdtepartnerschaft-91b.de\/wp-content\/uploads\/2024\/05\/IMG_4200-1536x2048.jpg 1536w, http:\/\/xn--ak-stdtepartnerschaft-91b.de\/wp-content\/uploads\/2024\/05\/IMG_4200-scaled.jpg 1920w\" sizes=\"(max-width: 768px) 100vw, 768px\" \/><\/figure>\n\n\n\n<figure class=\"wp-block-image size-large\"><img loading=\"lazy\" decoding=\"async\" width=\"1024\" height=\"768\" src=\"http:\/\/xn--ak-stdtepartnerschaft-91b.de\/wp-content\/uploads\/2024\/05\/IMG_E4242-1024x768.jpg\" alt=\"\" class=\"wp-image-586\" srcset=\"http:\/\/xn--ak-stdtepartnerschaft-91b.de\/wp-content\/uploads\/2024\/05\/IMG_E4242-1024x768.jpg 1024w, http:\/\/xn--ak-stdtepartnerschaft-91b.de\/wp-content\/uploads\/2024\/05\/IMG_E4242-300x225.jpg 300w, http:\/\/xn--ak-stdtepartnerschaft-91b.de\/wp-content\/uploads\/2024\/05\/IMG_E4242-768x576.jpg 768w, http:\/\/xn--ak-stdtepartnerschaft-91b.de\/wp-content\/uploads\/2024\/05\/IMG_E4242-1536x1152.jpg 1536w, http:\/\/xn--ak-stdtepartnerschaft-91b.de\/wp-content\/uploads\/2024\/05\/IMG_E4242-2048x1536.jpg 2048w\" sizes=\"(max-width: 1024px) 100vw, 1024px\" \/><\/figure>\n\n\n\n<p>Nach dem Festakt setzte sich der Festzug in Richtung Puiseauxplatz in Bewegung, auf dem ein gro\u00dfes Stadtfest bis in den Abend hinein gefeiert wurde. Dazwischen gab es viele Auff\u00fchrungen auf der B\u00fchne und im Sozialzentrum. Dort fand eine Lesung der Hainburger Autorenrunde und die Pr\u00e4sentation der Festschrift statt. Der Heimatverein Nieder-Roden zeigte Filme vom Beginn der Partnerschaften. Bei bestem Wetter endet das Jubil\u00e4um in den Abendstunden bei bestem Wetter und dem guten Gef\u00fchl, wieder mit Freunden die Bedeutung der St\u00e4dtepartnerschaft feiern zu d\u00fcrfen. <\/p>\n\n\n\n<p>Hier einige Impressionen:<\/p>\n\n\n\n\n\n<figure class=\"wp-block-image size-large\"><img loading=\"lazy\" decoding=\"async\" width=\"1024\" height=\"624\" src=\"http:\/\/xn--ak-stdtepartnerschaft-91b.de\/wp-content\/uploads\/2024\/05\/Maks-Filme-Festtage-Rodgau-Mai-2024-07-1-1024x624.jpg\" alt=\"\" class=\"wp-image-597\" srcset=\"http:\/\/xn--ak-stdtepartnerschaft-91b.de\/wp-content\/uploads\/2024\/05\/Maks-Filme-Festtage-Rodgau-Mai-2024-07-1-1024x624.jpg 1024w, http:\/\/xn--ak-stdtepartnerschaft-91b.de\/wp-content\/uploads\/2024\/05\/Maks-Filme-Festtage-Rodgau-Mai-2024-07-1-300x183.jpg 300w, http:\/\/xn--ak-stdtepartnerschaft-91b.de\/wp-content\/uploads\/2024\/05\/Maks-Filme-Festtage-Rodgau-Mai-2024-07-1-768x468.jpg 768w, http:\/\/xn--ak-stdtepartnerschaft-91b.de\/wp-content\/uploads\/2024\/05\/Maks-Filme-Festtage-Rodgau-Mai-2024-07-1-1536x936.jpg 1536w, http:\/\/xn--ak-stdtepartnerschaft-91b.de\/wp-content\/uploads\/2024\/05\/Maks-Filme-Festtage-Rodgau-Mai-2024-07-1.jpg 1551w\" sizes=\"(max-width: 1024px) 100vw, 1024px\" \/><\/figure>\n\n\n\n<figure class=\"wp-block-image size-large\"><img loading=\"lazy\" decoding=\"async\" width=\"1024\" height=\"576\" src=\"http:\/\/xn--ak-stdtepartnerschaft-91b.de\/wp-content\/uploads\/2024\/05\/IMG_E4414-1024x576.jpg\" alt=\"\" class=\"wp-image-592\" srcset=\"http:\/\/xn--ak-stdtepartnerschaft-91b.de\/wp-content\/uploads\/2024\/05\/IMG_E4414-1024x576.jpg 1024w, http:\/\/xn--ak-stdtepartnerschaft-91b.de\/wp-content\/uploads\/2024\/05\/IMG_E4414-300x169.jpg 300w, http:\/\/xn--ak-stdtepartnerschaft-91b.de\/wp-content\/uploads\/2024\/05\/IMG_E4414-768x432.jpg 768w, http:\/\/xn--ak-stdtepartnerschaft-91b.de\/wp-content\/uploads\/2024\/05\/IMG_E4414-1536x864.jpg 1536w, http:\/\/xn--ak-stdtepartnerschaft-91b.de\/wp-content\/uploads\/2024\/05\/IMG_E4414-2048x1152.jpg 2048w, http:\/\/xn--ak-stdtepartnerschaft-91b.de\/wp-content\/uploads\/2024\/05\/IMG_E4414-1110x624.jpg 1110w, http:\/\/xn--ak-stdtepartnerschaft-91b.de\/wp-content\/uploads\/2024\/05\/IMG_E4414-528x297.jpg 528w\" sizes=\"(max-width: 1024px) 100vw, 1024px\" \/><\/figure>\n\n\n\n<figure class=\"wp-block-image size-large\"><img loading=\"lazy\" decoding=\"async\" width=\"1024\" height=\"768\" src=\"http:\/\/xn--ak-stdtepartnerschaft-91b.de\/wp-content\/uploads\/2024\/05\/IMG_4382-1024x768.jpg\" alt=\"\" class=\"wp-image-582\" srcset=\"http:\/\/xn--ak-stdtepartnerschaft-91b.de\/wp-content\/uploads\/2024\/05\/IMG_4382-1024x768.jpg 1024w, http:\/\/xn--ak-stdtepartnerschaft-91b.de\/wp-content\/uploads\/2024\/05\/IMG_4382-300x225.jpg 300w, http:\/\/xn--ak-stdtepartnerschaft-91b.de\/wp-content\/uploads\/2024\/05\/IMG_4382-768x576.jpg 768w, http:\/\/xn--ak-stdtepartnerschaft-91b.de\/wp-content\/uploads\/2024\/05\/IMG_4382-1536x1152.jpg 1536w, http:\/\/xn--ak-stdtepartnerschaft-91b.de\/wp-content\/uploads\/2024\/05\/IMG_4382-2048x1536.jpg 2048w\" sizes=\"(max-width: 1024px) 100vw, 1024px\" \/><\/figure>\n\n\n\n<figure class=\"wp-block-image size-large\"><img loading=\"lazy\" decoding=\"async\" width=\"1024\" height=\"768\" src=\"http:\/\/xn--ak-stdtepartnerschaft-91b.de\/wp-content\/uploads\/2024\/05\/IMG_4386-1024x768.jpg\" alt=\"\" class=\"wp-image-583\" srcset=\"http:\/\/xn--ak-stdtepartnerschaft-91b.de\/wp-content\/uploads\/2024\/05\/IMG_4386-1024x768.jpg 1024w, http:\/\/xn--ak-stdtepartnerschaft-91b.de\/wp-content\/uploads\/2024\/05\/IMG_4386-300x225.jpg 300w, http:\/\/xn--ak-stdtepartnerschaft-91b.de\/wp-content\/uploads\/2024\/05\/IMG_4386-768x576.jpg 768w, http:\/\/xn--ak-stdtepartnerschaft-91b.de\/wp-content\/uploads\/2024\/05\/IMG_4386-1536x1152.jpg 1536w, http:\/\/xn--ak-stdtepartnerschaft-91b.de\/wp-content\/uploads\/2024\/05\/IMG_4386-2048x1536.jpg 2048w\" sizes=\"(max-width: 1024px) 100vw, 1024px\" \/><\/figure>\n\n\n\n<figure class=\"wp-block-image size-large\"><img loading=\"lazy\" decoding=\"async\" width=\"1024\" height=\"768\" src=\"http:\/\/xn--ak-stdtepartnerschaft-91b.de\/wp-content\/uploads\/2024\/05\/IMG_4364-1024x768.jpg\" alt=\"\" class=\"wp-image-580\" srcset=\"http:\/\/xn--ak-stdtepartnerschaft-91b.de\/wp-content\/uploads\/2024\/05\/IMG_4364-1024x768.jpg 1024w, http:\/\/xn--ak-stdtepartnerschaft-91b.de\/wp-content\/uploads\/2024\/05\/IMG_4364-300x225.jpg 300w, http:\/\/xn--ak-stdtepartnerschaft-91b.de\/wp-content\/uploads\/2024\/05\/IMG_4364-768x576.jpg 768w, http:\/\/xn--ak-stdtepartnerschaft-91b.de\/wp-content\/uploads\/2024\/05\/IMG_4364-1536x1152.jpg 1536w, http:\/\/xn--ak-stdtepartnerschaft-91b.de\/wp-content\/uploads\/2024\/05\/IMG_4364-2048x1536.jpg 2048w\" sizes=\"(max-width: 1024px) 100vw, 1024px\" \/><\/figure>\n\n\n\n<p>Am Sonntag haben sich unsere G\u00e4ste wieder verabschiedet. Es war ein gelungenes Fest mit vielen Begegnungen und dem Dank f\u00fcr 50 Jahre Freundschaft.<\/p>\n","protected":false},"excerpt":{"rendered":"<p>Am Wochenende vom 09. bis 12. Mai 2024 wurde in Rodgau das Jubil\u00e4um zum 50 j\u00e4hrigen Bestehen der St\u00e4dtepartnerschaft mit Hainburg an der Donau und Puiseaux gefeiert. Auch Delegationen aus den Partnerst\u00e4dten Nieuwpoort und Donja Stubica waren angereist, um mit uns gemeinsam das Jubil\u00e4um zu begehen. Das zeigt die Verbundenheit und den Wert der Beziehungen [&hellip;]<\/p>\n","protected":false},"author":1,"featured_media":0,"parent":0,"menu_order":0,"comment_status":"closed","ping_status":"closed","template":"","meta":{"footnotes":""},"class_list":["post-544","page","type-page","status-publish","czr-hentry"],"_links":{"self":[{"href":"http:\/\/xn--ak-stdtepartnerschaft-91b.de\/index.php?rest_route=\/wp\/v2\/pages\/544"}],"collection":[{"href":"http:\/\/xn--ak-stdtepartnerschaft-91b.de\/index.php?rest_route=\/wp\/v2\/pages"}],"about":[{"href":"http:\/\/xn--ak-stdtepartnerschaft-91b.de\/index.php?rest_route=\/wp\/v2\/types\/page"}],"author":[{"embeddable":true,"href":"http:\/\/xn--ak-stdtepartnerschaft-91b.de\/index.php?rest_route=\/wp\/v2\/users\/1"}],"replies":[{"embeddable":true,"href":"http:\/\/xn--ak-stdtepartnerschaft-91b.de\/index.php?rest_route=%2Fwp%2Fv2%2Fcomments&post=544"}],"version-history":[{"count":14,"href":"http:\/\/xn--ak-stdtepartnerschaft-91b.de\/index.php?rest_route=\/wp\/v2\/pages\/544\/revisions"}],"predecessor-version":[{"id":626,"href":"http:\/\/xn--ak-stdtepartnerschaft-91b.de\/index.php?rest_route=\/wp\/v2\/pages\/544\/revisions\/626"}],"wp:attachment":[{"href":"http:\/\/xn--ak-stdtepartnerschaft-91b.de\/index.php?rest_route=%2Fwp%2Fv2%2Fmedia&parent=544"}],"curies":[{"name":"wp","href":"https:\/\/api.w.org\/{rel}","templated":true}]}}