{"id":43,"date":"2016-03-11T21:35:15","date_gmt":"2016-03-11T21:35:15","guid":{"rendered":"http:\/\/xn--ak-stdtepartnerschaft-91b.de\/?page_id=43"},"modified":"2024-05-11T07:09:29","modified_gmt":"2024-05-11T07:09:29","slug":"ausblick-auf-veranstaltungen","status":"publish","type":"page","link":"http:\/\/xn--ak-stdtepartnerschaft-91b.de\/?page_id=43","title":{"rendered":"Veranstaltungen"},"content":{"rendered":"<div class=\"wp-block-image\">\n<figure class=\"aligncenter size-full\"><img loading=\"lazy\" decoding=\"async\" width=\"595\" height=\"595\" src=\"http:\/\/xn--ak-stdtepartnerschaft-91b.de\/wp-content\/uploads\/2024\/05\/Einladung_50_Jahre.png\" alt=\"\" class=\"wp-image-523\" srcset=\"http:\/\/xn--ak-stdtepartnerschaft-91b.de\/wp-content\/uploads\/2024\/05\/Einladung_50_Jahre.png 595w, http:\/\/xn--ak-stdtepartnerschaft-91b.de\/wp-content\/uploads\/2024\/05\/Einladung_50_Jahre-300x300.png 300w, http:\/\/xn--ak-stdtepartnerschaft-91b.de\/wp-content\/uploads\/2024\/05\/Einladung_50_Jahre-150x150.png 150w, http:\/\/xn--ak-stdtepartnerschaft-91b.de\/wp-content\/uploads\/2024\/05\/Einladung_50_Jahre-510x510.png 510w\" sizes=\"(max-width: 595px) 100vw, 595px\" \/><\/figure><\/div>\n\n\n<p><\/p>\n\n\n\n<div class=\"wp-block-pdf-viewer-block-standard\" style=\"text-align:left\"><div class=\"uploaded-pdf\"><a href=\"http:\/\/xn--ak-stdtepartnerschaft-91b.de\/wp-content\/uploads\/2024\/05\/Stadt_Rodgau_50_Jahre-Partnerschaft-3.pdf\" data-width=\"\" data-height=\"\"><\/a><\/div><\/div>\n\n\n\n<p><\/p>\n\n\n\n<p><\/p>\n\n\n\n<p><\/p>\n\n\n\n<p><\/p>\n\n\n\n<p><\/p>\n\n\n\n<p><\/p>\n\n\n\n<h1 class=\"wp-block-heading\"><strong>Fahrt in die Partnerstadt\u00a0Hainburg an der Donau im Herbst 2017<\/strong><\/h1>\n\n\n\n<p>Ein Besuch unserer Partnerstadt Hainburg an der Donau ist im Herbst 2017 in Vorbereitung. Wir fahren am Samstag, dem 30. September 2017 bis Dienstag, dem 03. Oktober 2017.<\/p>\n\n\n\n<p>Unterkunft ist im Hotel Altes Kloster, ein 4 Sterne-Haus, in wundersch\u00f6ner Lage an der Donau. Das Doppelzimmer kostet f\u00fcr die Teilnehmer 112,&#8211; Euro&nbsp;pro Nacht\/Zimmer und Fr\u00fchst\u00fcck. Einzelzimmer kosten pro Nacht mit Fr\u00fchst\u00fcck 70,00 Euro. Der Fahrtkostenbeitrag mit einem modernen Reisebus betr\u00e4gt&nbsp;60,00 Euro pro Person. In diesem Betrag&nbsp;ist das traditionelle Fr\u00fchst\u00fcck auf der Hinfahrt und ein Heurigenbesuch inbegriffen. Wir haben in Hainburg ein interessantes Programm in Vorbereitung. Sie k\u00f6nnen an einer F\u00fchrung im Nationalpark Donauauen teilnehmen. Dieses einzigartige Erlebnis einer Kulturlandschaft erfolgt zu Fu\u00df und in Booten. Eine Visite der gro\u00dfen Ausgrabungsst\u00e4tte Carnuntum, die einzigartig restauriert wurde, zeugt von der Bedeutung der Region schon in der R\u00f6merzeit. Sie haben die M\u00f6glichkeit der Lesung der Hainburger Autorenrunde zu lauschen oder ganz individuell Hainburg zu erkunden. Mit einer direkten Busverbindung in man in 12 Minuten im historischen Zentrum von Bratislava. Sie k\u00f6nnen versichert sein, ein Besuch in Hainburg an der Donau ist interessant und wird Ihnen gefallen. Anmeldungen nehmen wir gerne entgegen. Sie k\u00f6nnen sich \u00fcber den Button Kontakt per E-Mail an uns wenden. Gerne k\u00f6nnen Sie&nbsp;sich auch pers\u00f6nlich&nbsp;an Frau Thomae unter der Telefonnummer 06106\/75513 oder an Frau Hackbart unter der Telefonnummer 06106\/75550 wenden.&nbsp; Anmeldungen bitte bis zum 01. M\u00e4rz 2017. Wir freuen uns auf Sie.<\/p>\n\n\n\n<hr class=\"wp-block-separator has-alpha-channel-opacity\"\/>\n\n\n\n<p><strong><img loading=\"lazy\" decoding=\"async\" width=\"722\" height=\"1024\" class=\"alignnone size-large wp-image-244\" src=\"http:\/\/xn--ak-stdtepartnerschaft-91b.de\/wp-content\/uploads\/2016\/08\/ak_flyer_1609-722x1024.jpg\" alt=\"ak_flyer_1609\" srcset=\"http:\/\/xn--ak-stdtepartnerschaft-91b.de\/wp-content\/uploads\/2016\/08\/ak_flyer_1609-722x1024.jpg 722w, http:\/\/xn--ak-stdtepartnerschaft-91b.de\/wp-content\/uploads\/2016\/08\/ak_flyer_1609-211x300.jpg 211w, http:\/\/xn--ak-stdtepartnerschaft-91b.de\/wp-content\/uploads\/2016\/08\/ak_flyer_1609-768x1089.jpg 768w, http:\/\/xn--ak-stdtepartnerschaft-91b.de\/wp-content\/uploads\/2016\/08\/ak_flyer_1609.jpg 1166w\" sizes=\"(max-width: 722px) 100vw, 722px\" \/><\/strong><\/p>\n\n\n\n<p><strong>Ausblick auf Veranstaltungen<\/strong><\/p>\n\n\n\n<p>Am Freitag, dem 16. September 2016 um 19.00 Uhr findet eine Autorenlesung im Haus der Musik, Nieder-Roden, Ober-Rodener Str. 47 statt. G\u00e4ste sind die Hainburger Autorenrunde und die Rodgauer Autorin Ljubica Perkman.<\/p>\n\n\n\n<p>Das Programm werden wir rechtzeitig auch \u00fcber die Presse bekannt geben.<\/p>\n\n\n\n<p>Wir freuen uns auf Sie.<\/p>\n","protected":false},"excerpt":{"rendered":"<p>Fahrt in die Partnerstadt\u00a0Hainburg an der Donau im Herbst 2017 Ein Besuch unserer Partnerstadt Hainburg an der Donau ist im Herbst 2017 in Vorbereitung. Wir fahren am Samstag, dem 30. September 2017 bis Dienstag, dem 03. Oktober 2017. Unterkunft ist im Hotel Altes Kloster, ein 4 Sterne-Haus, in wundersch\u00f6ner Lage an der Donau. Das Doppelzimmer [&hellip;]<\/p>\n","protected":false},"author":1,"featured_media":0,"parent":0,"menu_order":6,"comment_status":"closed","ping_status":"closed","template":"","meta":{"footnotes":""},"class_list":["post-43","page","type-page","status-publish","czr-hentry"],"_links":{"self":[{"href":"http:\/\/xn--ak-stdtepartnerschaft-91b.de\/index.php?rest_route=\/wp\/v2\/pages\/43"}],"collection":[{"href":"http:\/\/xn--ak-stdtepartnerschaft-91b.de\/index.php?rest_route=\/wp\/v2\/pages"}],"about":[{"href":"http:\/\/xn--ak-stdtepartnerschaft-91b.de\/index.php?rest_route=\/wp\/v2\/types\/page"}],"author":[{"embeddable":true,"href":"http:\/\/xn--ak-stdtepartnerschaft-91b.de\/index.php?rest_route=\/wp\/v2\/users\/1"}],"replies":[{"embeddable":true,"href":"http:\/\/xn--ak-stdtepartnerschaft-91b.de\/index.php?rest_route=%2Fwp%2Fv2%2Fcomments&post=43"}],"version-history":[{"count":10,"href":"http:\/\/xn--ak-stdtepartnerschaft-91b.de\/index.php?rest_route=\/wp\/v2\/pages\/43\/revisions"}],"predecessor-version":[{"id":524,"href":"http:\/\/xn--ak-stdtepartnerschaft-91b.de\/index.php?rest_route=\/wp\/v2\/pages\/43\/revisions\/524"}],"wp:attachment":[{"href":"http:\/\/xn--ak-stdtepartnerschaft-91b.de\/index.php?rest_route=%2Fwp%2Fv2%2Fmedia&parent=43"}],"curies":[{"name":"wp","href":"https:\/\/api.w.org\/{rel}","templated":true}]}}